{"id":568,"date":"2020-10-22T20:23:28","date_gmt":"2020-10-22T18:23:28","guid":{"rendered":"https:\/\/xn--naturheilkunde-bnde-lbc.de\/?page_id=568"},"modified":"2025-03-18T19:06:56","modified_gmt":"2025-03-18T18:06:56","slug":"martina-habermann","status":"publish","type":"page","link":"https:\/\/naturheilkunde-buende.de\/index.php\/martina-habermann\/","title":{"rendered":"Martina Habermann"},"content":{"rendered":"\n<div class=\"wp-block-media-text alignwide has-media-on-the-right\" style=\"grid-template-columns:auto 34%\"><div class=\"wp-block-media-text__content\">\n<h2><strong>Vita<\/strong><\/h2>\n\n\n\n<p class=\"has-text-align-left\">Sch\u00f6n, dass Sie mehr \u00fcber mich erfahren m\u00f6chten. Mein Name ist Martina Habermann. 1965&nbsp; wurde ich im Ruhrgebiet geboren und habe dort meine Kindheit und Jugend verbracht. Ich bin verheiratet, Mutter von zwei S\u00f6hnen und wohne seit \u00fcber 20 Jahren in B\u00fcnde.<\/p>\n<\/div><figure class=\"wp-block-media-text__media\"><img decoding=\"async\" loading=\"lazy\" width=\"768\" height=\"1024\" src=\"https:\/\/xn--naturheilkunde-bnde-lbc.de\/wp-content\/uploads\/2020\/11\/\u00a9Foto-atelier-am-markt-Melle-DSC_5267-768x1024.jpg\" alt=\"\" class=\"wp-image-791 size-full\" srcset=\"https:\/\/naturheilkunde-buende.de\/wp-content\/uploads\/2020\/11\/\u00a9Foto-atelier-am-markt-Melle-DSC_5267-768x1024.jpg 768w, https:\/\/naturheilkunde-buende.de\/wp-content\/uploads\/2020\/11\/\u00a9Foto-atelier-am-markt-Melle-DSC_5267-225x300.jpg 225w, https:\/\/naturheilkunde-buende.de\/wp-content\/uploads\/2020\/11\/\u00a9Foto-atelier-am-markt-Melle-DSC_5267-1152x1536.jpg 1152w, https:\/\/naturheilkunde-buende.de\/wp-content\/uploads\/2020\/11\/\u00a9Foto-atelier-am-markt-Melle-DSC_5267-1536x2048.jpg 1536w, https:\/\/naturheilkunde-buende.de\/wp-content\/uploads\/2020\/11\/\u00a9Foto-atelier-am-markt-Melle-DSC_5267.jpg 1772w\" sizes=\"(max-width: 767px) 89vw, (max-width: 1000px) 54vw, (max-width: 1071px) 543px, 580px\" \/><\/figure><\/div>\n\n\n\n<h2><strong>Wie ich Heilpraktikerin wurde<\/strong><\/h2>\n\n\n\n<p>Schon in meiner Jugend habe ich mich f\u00fcr medizinische Themen interessiert und konnte mich f\u00fcr die Naturheilkunde begeistern. Gerne h\u00e4tte ich einen medizinischen Beruf erlernt.<\/p>\n\n\n\n<p>Doch mein Weg f\u00fchrte mich zun\u00e4chst in einen kaufm\u00e4nnischen Beruf, mit dem ich mich fast 20 Jahre in unserem Familienunternehmen erfolgreich einbringen konnte.<\/p>\n\n\n\n<p>Als wir unser Unternehmen verkauften, kam in mir der Gedanke nach einer beruflichen Ver\u00e4nderung auf. Der Wunsch im medizinischen Bereich t\u00e4tig zu sein, war immer noch gegenw\u00e4rtig.&nbsp; So kam der Beruf der Heilpraktikerin in meinen Fokus, denn neben den Ausbildungsinhalten spiegelt der Heilpraktikerberuf alles wider, was mir am Herzen liegt:<\/p>\n\n\n\n<ul>\n<li>Altes, \u00fcberliefertes und bew\u00e4hrtes naturheilkundliches Wissen in Kombination mit den neuesten medizinischen Erkenntnissen, in einem Teilgebiet, anzuwenden;<\/li>\n\n\n\n<li>Patient\/inn\/en auf Augenh\u00f6he mit viel Empathie zu begegnen;<\/li>\n\n\n\n<li>eine ganzheitliche Betrachtung der Patientin \/ des Patienten;<\/li>\n\n\n\n<li>Zusammenh\u00e4nge und Hintergr\u00fcnde zu erl\u00e4utern<\/li>\n\n\n\n<li>und sich ohne Zeitdruck den Anliegen, den Beschwerden und den Patienten-Geschichten zu widmen.<\/li>\n<\/ul>\n\n\n\n<p>Das war eine Herausforderung, die ich gern annahm. Ich begann die Ausbildung &nbsp;an der \u201eDeutschen Heilpraktikerschule\u201c und an der \u201eHeilpraktikerschule Bierbach\u201c.<\/p>\n\n\n\n<p>Um praktische Erfahrungen im Patientenkontakt zu erlangen, besuchte ich parallel spezielle Fachausbildungen, und schnell wurde mir klar: Das ist meine tats\u00e4chliche Berufung.<\/p>\n\n\n\n<p>Der Ausbildung konnte ich mich in Vollzeit widmen, und nach gut drei Jahren intensiver Vorbereitung absolvierte ich mit Erfolg die amts\u00e4rztliche \u00dcberpr\u00fcfung, in der schulmedizinisches Wissen abgefragt wurde.<\/p>\n\n\n\n<p>Als Heilpraktikerin folgte dann die Fachausbildung in ganzheitlicher Frauenheilkunde bei Silke Uhlendahl \u00fcber die \u201eTherapeutenschule Isolde Richter\u201c.<\/p>\n\n\n\n<p>Die Erkenntnis, wie erschreckend einseitig oftmals erkrankte oder hilfesuchende Frauen informiert werden und nicht so begleitet werden, wie es gew\u00fcnscht wird und w\u00fcnschenswert w\u00e4re, hat mich dazu gef\u00fchrt, den Schwerpunkt meiner beruflichen T\u00e4tigkeit auf die Frauenheilkunde zu legen.<\/p>\n\n\n\n<p>Mir ist es wichtig, mein Wissen mit Ihnen zu teilen, Zusammenh\u00e4nge zu erl\u00e4utern und somit Hilfe zur Selbsthilfe zu geben.<\/p>\n\n\n\n<p>Ich bin froh und dankbar, dass ich eine so erf\u00fcllende T\u00e4tigkeit aus\u00fcben kann, und freue mich, wenn ich anderen Menschen mit meinem Wissen und meinen F\u00e4higkeiten ein St\u00fcck weit wieder mehr Gesundheit und Lebensqualit\u00e4t schenken darf.<\/p>\n\n\n\n<h2><strong>Medizinischer Werdegang<\/strong><\/h2>\n\n\n\n<p>Ausbildung zur Heilpraktikerin an der \u201eDeutschen Heilpraktikerschule\u201c und der \u201eHeilpraktikerschule Elvira Bierbach\u201c Bielefeld, mit der abschlie\u00dfenden Erteilung der \u201eErlaubnis zur Aus\u00fcbung der Heilkunde ohne Bestallung\u201c durch den Kreissauschuss des Landkreises Fulda.  <\/p>\n\n\n\n<p>Die Naturheilkunde ist meine Passion. Weiterbildung ist mir ein Bed\u00fcrfnis, dem ich mit Leidenschaft nachkomme, f\u00fcr mich pers\u00f6nlich und vor allem, damit ich meinen Patient\/inn\/en optimale Therapiem\u00f6glichkeiten bieten kann.<\/p>\n\n\n\n<h3><strong>Ausbildungen <\/strong><\/h3>\n\n\n\n<ul>\n<li>Moderne Akupunktur nach Boel: Akupunktur Universit\u00e4t<\/li>\n\n\n\n<li>Augenakupunktur nach Boel: Akupunktur Universit\u00e4t<\/li>\n\n\n\n<li><strong>Phytotherapie-Ausbildung:<\/strong> Referentin Dr. Katharina Vogelsang (Heilpraktikerschule Elvira Bierbach)<\/li>\n\n\n\n<li><strong>Frauenheilkunde Zyklus und Menstruation:<\/strong> Referentin Silke Uhlendahl (Heilpraktiker-und Therapeutenschule Isolde Richter)<\/li>\n\n\n\n<li><strong>Frauenheilkunde: Hormone und hormonelle Dysbalancen:<\/strong> Referentin Silke Uhlendahl (Heilpraktiker-und Therapeutenschule Isolde Richter)<\/li>\n\n\n\n<li><strong>Frauenheilkunde Endometriose, Myome, Blase, PCO-Syndrom, Einf\u00fchrung Schwangerschaft, Kinderwunsch, Wechseljahre<\/strong><\/li>\n\n\n\n<li><strong>Frauenheilkunde Praxisf\u00e4lle:<\/strong> Referentin Silke Uhlendahl (Heilpraktiker-und Therapeutenschule Isolde Richter)<\/li>\n\n\n\n<li><strong>Frauenheilkunde: Abschluss in Theorie und Praxis:<\/strong> Referentin Silke Uhlendahl (Heilpraktiker-und Therapeutenschule Isolde Richter)<\/li>\n\n\n\n<li><strong>Frauenheilkunde: Wechseljahre -Vertiefung:<\/strong> Referentin Silke Uhlendahl (Heilpraktiker-und Therapeutenschule Isolde Richter)<\/li>\n\n\n\n<li><strong>Frauenheilkunde: Kinderwunsch-Vertiefung: <\/strong>Referentin Silke Uhlendahl (Heilpraktiker-und Therapeutenschulde Isolde Richter)<\/li>\n\n\n\n<li><strong>Endokrinologie in der ganzheitlichen Frauenheilkunde- Vertiefung Schilddr\u00fcse und Nebennierenfunktionsst\u00f6rungen<\/strong>: Referentin Silke Uhlendahl (Heilpraktiker-und Therapeutenschule Isolde Richter)<\/li>\n\n\n\n<li><strong>Zertifizierte Immuntrainerin:<\/strong> Deutsche Akademie f\u00fcr Hom\u00f6opathie und Naturheilverfahren<\/li>\n\n\n\n<li><strong>Spenglersan \u201eExpertin\u201c: <\/strong>Spenglersan Akademie<\/li>\n\n\n\n<li><strong>Ausleitung-Entgiftung-Darmsanierung<\/strong>: Referentin HP Silke Uhlendahl und Stephanie Meurer (Heilpraktiker-und Therapeutenschule Isolde Richter)<\/li>\n\n\n\n<li><strong>Assistenz<\/strong> in einer Bielefelder Heilpraktiker Praxis<\/li>\n\n\n\n<li><strong>Zertifizierte Fortbildung Darmtherapeut<\/strong> T1+T2: Referentin Dr. med. Elke Mantwill (A&amp;O Gesundheit Medien- u. Verlagsgesellschaft)<\/li>\n\n\n\n<li><strong>Fortbildung zum Stress- und Burn-out-Experten<\/strong>: Wissenschaftliche Leitung Dr. med. Elke Mantwill (Vitamin Doctor)<\/li>\n\n\n\n<li><strong>Moderne Darmtherapie<\/strong> Grundlagen und Aufbauseminare (Evelyn Wurster HP)<\/li>\n\n\n\n<li><strong>Mikron\u00e4hrstoff Coach<\/strong> (Biogena Academy)<\/li>\n\n\n\n<li><strong>Myko-Therapie <\/strong> (Myco-Campus<strong>)<\/strong><\/li>\n<\/ul>\n\n\n\n<h3><strong>Fachfortbildungen <\/strong><\/h3>\n\n\n\n<ul>\n<li>Ohrakupunktur: Referent HP Michael Bochmann (Deutsche Heilpraktikerschule Leipzig)<\/li>\n\n\n\n<li>Ausleitungsverfahren: Referenten HP Dagmar Wolf &amp; HP Michael Herzog (Hufelandschule Senden)<\/li>\n\n\n\n<li>Antibiotika-assoziierter Reizdarm: Referentin Dr. Elke Jaspers (SymbioPharm)<\/li>\n\n\n\n<li>Somatopsychologie \u2013 Interessante Aspekte aus der Endokrinologie: Referentin Silke Uhlendahl (Heilpraktiker-und Therapeutenschule Isolde Richter)<\/li>\n\n\n\n<li>Leaky Gut Syndrom \u2013 wenn der Darm l\u00f6chrig wird: Referent Fabian M\u00fcller (Ganzimmun Akademie)<\/li>\n\n\n\n<li>Chronisch entz\u00fcndliche Darmerkrankungen: Referent Fabian M\u00fcller (Ganzimmun Akademie)<\/li>\n\n\n\n<li>Focus Bauchspeicheldr\u00fcse: Referent Udo Lamek (Heilpraktiker-und Therapeutenschule Isolde Richter)<\/li>\n\n\n\n<li>Probiotika 2.0 \u2013 eine neue \u00c4ra in der Mikrobiomtherapie: Referent Dr. Reinhard Hauss (Heilpraktiker-und Therapeutenschule Isolde Richter)<\/li>\n\n\n\n<li>S\u00e4ure-Basen-Regulation in der Schmerztherapie: Heilpraktiker-und Therapeutenschule Isolde Richter<\/li>\n\n\n\n<li>Orthomolekulare Medizin: Referent Uwe Gr\u00f6ber (Ganzimmun Akademie)<\/li>\n\n\n\n<li>Einstieg in die Mikron\u00e4hrstoff-Medizin- aus der Praxis f\u00fcr die Praxis: Referentin Dr. med. Elke Mantwill (FromMed Health Care AG)<\/li>\n\n\n\n<li>Biofaktoren-R\u00e4uber: Referent Uwe Gr\u00f6ber (Akademie f\u00fcr Mikron\u00e4hrstoffmedizin)<\/li>\n\n\n\n<li>Grundregulation &amp; Basistherapie in der Frauenheilkunde: Referentin HP Silke Uhlendahl (Heilpraktiker-und Therapeutenschule Isolde Richter)<\/li>\n\n\n\n<li>Therapiekonzepte f\u00fcr Erwachsene und Kinder: Referentin HP Silke Uhlendahl (Heilpraktiker-und Therapeutenschule Isolde Richter)<\/li>\n\n\n\n<li>P\u00e4diatrie in der naturheilkundlichen Praxis: Referentin HP Gerlinde Heeren (Ganzimmun Akademie)<\/li>\n\n\n\n<li>Komplement\u00e4re Onkologie in der Naturheilpraxis: Referent Apotheker Dirk Bettenworth (Humares)<\/li>\n\n\n\n<li>Migr\u00e4ne kompakt: Referent Dr. med. Ulrich Selz (Ganzimmun Akademie)<\/li>\n\n\n\n<li>Diagnostik und Therapie der Lyme Borreliose: Referent Dr. med. Siddhartha Popat (Ganzimmun Akademie)<\/li>\n\n\n\n<li>Optimale Ern\u00e4hrung f\u00fcr die Allianz \u201eLeber und Darm\u201c: Referentin Dr. Silvia B\u00fcrkle (Metabolic Balance)<\/li>\n\n\n\n<li>Online Tagung Frauengesundheit 2020 Themenschwerpunkte:\n<ul>\n<li>Chronische Unterbauchbeschwerden bei Frauen: Referentin HP Silke Uhlendahl<\/li>\n\n\n\n<li>Hormonelle Dysbalancen nat\u00fcrlich behandeln: Referentin HP Stephanie Meurer<\/li>\n\n\n\n<li>Ganzheitliche Unterst\u00fctzung bei (unerf\u00fclltem) Kinderwunsch: Referentin Apothekerin Marie Greif<\/li>\n\n\n\n<li>Der weibliche Hormonhaushalt und das Testosteron: Referentin Dipl. Biologin Christiane Pies (Labor Dr. Hauss)<\/li>\n<\/ul>\n<\/li>\n\n\n\n<li>Pr\u00e4ventivmedizinische Optionen bei viralen Atemwegserkrankungen (SARS-CoV-2): Referent Dr. med. S. Popat (Ganzimmun Diagnostics)<\/li>\n\n\n\n<li>Laborwerte effektiv analysieren: Referentin HP Dr. Keren Grafen (Heilpraktikerschule Elvira Bierbach)<\/li>\n\n\n\n<li>Chronische Infekte-Patienten gut betreuen: Referenten Dr. E. Jaspers und Dr. med. T. Ellwanger (Symbio Pharm)<\/li>\n\n\n\n<li>Gemmo-Essenzen im Praxisalltag: Referentin HP Anita Sprenger-Witte (Heilpraktikerschule Elvira Bierbach)<\/li>\n\n\n\n<li>Narbenentst\u00f6rung- Kaiserschnittnarben: Referentin HP Bianca Peters (Heilpraktiker-und Therapeutenschule Isolde Richter)<\/li>\n\n\n\n<li>Gesund durch ein starkes Immunsystem: Referent Dipl. Biol. Peter Emmrich M.A. (Ganzimmun Akademie)<\/li>\n\n\n\n<li>Naturheilkunde bei Angstst\u00f6rungen und Burn-Out-Syndrom: Referent Dr. Oliver Ploss (Heilpraktiker-und Therapeutenschule Isolde Richter)<\/li>\n\n\n\n<li>Haut als Spiegel der Seele-Akne, Neurodermitis, Psoriasis: Referent HP Werner Gehner (Ganzimmun Akademie)<\/li>\n\n\n\n<li>Online Tagung Immunbalance 2021\n<ul>\n<li>Immunbalance-Therapiekonzepte aus der funktionellen Medizin: Referentin HP Silke Uhlendahl<\/li>\n\n\n\n<li>Darm und &nbsp;Nebennieren &#8211;&nbsp;wichtige Steuerungsorgane unserer Immunbalance Referentin: Dipl. Biologin Christiane Pies (Labor Dr. Hauss)<\/li>\n\n\n\n<li>Doping f\u00fcrs Immunsystem Referentin: HP Stephanie Meurer<\/li>\n\n\n\n<li>Bitterstoffe und ihre immunologische Wirkung: Referentin Apothekerin Marie Greif<\/li>\n<\/ul>\n<\/li>\n\n\n\n<li>Histaminintoleranz- ein Frauenthema: Referent HP Michael Martin (Ganzimmun Akademie)<\/li>\n\n\n\n<li>Helicobacter pylori-Unliebsame Untermieter..: Referentin Dr. Antje R\u00f6ssler (Ganzimmun Akademie)<\/li>\n\n\n\n<li>Immunoptimierung mit Mikron\u00e4hrstoffen vor einer Covid-19-Impfung: Referent Dr. med. Siddhartha Popat (FormMed HealthCare AG)<\/li>\n\n\n\n<li>Soluna Spagyrik in der Frauenheilkunde: Referent HP Markus Ruppert (Zentrum f\u00fcr Naturheilkunde)<\/li>\n\n\n\n<li>Einstieg in die Mikron\u00e4hrstoff-Medizin-: Referentin Dr. med. Elke Mantwill (FormMed Health Care AG)<\/li>\n\n\n\n<li>Cellulite, Lip\u00f6dem und Lymph\u00f6dem: Referentin Sonja Schmitz-Harwardt HP (Heilpraktiker-und Therapeutenschule Isolde Richter)<\/li>\n\n\n\n<li>Stoffwechsel und Lymphe st\u00e4rken: Referentin Anita Sprenge Witte HP (Heilpraktikerschule Elvira Bierbach)<\/li>\n\n\n\n<li>Grundlagen der Homotoxikologie nach Dr. Reckeweg: (Wissenswerte Heel)<\/li>\n\n\n\n<li>Weizenunvertr\u00e4glichkeit  oder Nicht-Z\u00f6liakie-Weizensensitivit\u00e4t (NZWS): Referent HP Michael Martin (Ganzimmun Akademie)<\/li>\n\n\n\n<li>Ern\u00e4hrungsbedingte Erkrankungen: Systemische Ursachenermittlung und Therapieoptionen: Referentin Dr. Elke Mantwill (Ganzimmun Akademie)<\/li>\n\n\n\n<li>Fructosemalabsorption: Referent HP Michael Martin (Ganzimmun Akademie)<\/li>\n\n\n\n<li>Darm krank-alles krank: Referent Dr. med. J\u00f6rn Reckel (Ganzimmun Akademie)<\/li>\n\n\n\n<li>Interpretation von Stuhlbefunden: Referentin Annemarie Gollsch (Enterosan Labordiagnostik)<\/li>\n\n\n\n<li>Darmsanierung, Symbioselenkung und mikrobiologische Therapie: Refernt HP Joachim Kudritzki (Ganzimmun Akademie<\/li>\n\n\n\n<li>Burnout- Labordiagnostik und Therapieoptionen: Referent Dr. med. Siddhartha Popat (Ganzimmun Akademie)<\/li>\n\n\n\n<li>Vagicheck\u00ae und Aroma\u00f6ltherapie: Referentin Anna Kleinhenz (Labor Enterosan)<\/li>\n\n\n\n<li>Klimakterium: Referentin Dr. rer. nat. Diana Krause (Labor Enterosan)<\/li>\n\n\n\n<li>Unerf\u00fcllter Kinderwunsch: Referentin Martina Niebling (Labor Enterosan)<\/li>\n\n\n\n<li>Einsatz von Vitalstoffen bei Kinderwunsch: Referentin Darja Wagner (Pharma Nord)<\/li>\n\n\n\n<li>Mikron\u00e4hrstoffmedizin bei Fertilit\u00e4tsst\u00f6rungen Mann und Frau: Referentin Dr. med. Annette Balz-Fritz (VitaminDoctor)<\/li>\n\n\n\n<li>Chronisch Entz\u00fcndliche Darmerkrankungen: Referent HP Bernhard Deipenbrock (Wissenswerte Heel)<\/li>\n\n\n\n<li>Online-Tagung Verdauung (Heilpraktiker-und Therapeutenschule Isolde Richter)<\/li>\n\n\n\n<li>Nahrungsmittelunvertr\u00e4glichkeiten Teil 1 und Teil 2: Referentin Dr. med. Elke Mantwill (Nutrimmun)<\/li>\n\n\n\n<li>Ganzheitliche Gyn\u00e4kologie-von der Antlitzdiagnose zur Frauenheilkunde: Referentin HP Renate Droste (Kattwiga)<\/li>\n\n\n\n<li>Frauengesundheit &#8211; Heilende Pflanzen in der Zeit der Wechseljahre: Referentin \u00c4rztin Heide Fischer (Ceres)<\/li>\n\n\n\n<li>Schilddr\u00fcsenunterfunktion und Hashimoto: Referent HP Markus Ruppert (Edition Insole)<\/li>\n\n\n\n<li>Schlafst\u00f6rungen: Referentin Dr. Diana Krause (Labor Enterosan)<\/li>\n\n\n\n<li>Exokrine Pankreasinsuffizienz und SIBO-Syndrom: Referent HP Fabian M\u00fcller (Ganzimmun Diagnostik)<\/li>\n\n\n\n<li>Von der Fructose-Malabsorption bis zu SIBO: Referent Dr. Andreas R\u00fcffer (Labor Enterosan)<\/li>\n\n\n\n<li>Intestinales Methanogenes Overgrowthsyndrom- IMO: Referent Dr. med. Ralf Kirkham (Ganzimmun Diagnostik)<\/li>\n\n\n\n<li>Darmmikrobiota: Referent Dr. Andreas R\u00fcffer (Labor Enterosan)<\/li>\n\n\n\n<li>Mirkombiom st\u00e4rken bei Problemhaut: Referentin PHDr. Antje R\u00f6ssler M.Sc. (Ganzimmun Diagnostik)<\/li>\n\n\n\n<li>Stresserkrankungen: Diagnostische und therapeutische Optionen: Referentin Dr. med. Elke Mantwill (Ganzimmun Diagnostik)<\/li>\n\n\n\n<li>Endometriose und Myome &#8211; K\u00f6rpergebilde nat\u00fcrlich behandeln mit Heilpflanzen: Referentin Heide Fischer (Ceres)<\/li>\n\n\n\n<li>Entz\u00fcndungen im Verborgenen- Endometriose erkennen und behandeln: Referentin Prof. Dr. med. Sylvia Mechsner (Norsan)<\/li>\n\n\n\n<li>Rheumatischer Formenkreis-Erkrankungen mit Mikron\u00e4hrstoffen behandeln: Referent Dr. med. Rainer Spichalsky (VitaminDoctor)<\/li>\n\n\n\n<li>Onlinetagung 2023 Frauenheilkunde Themenschwerpunkte \n<ul>\n<li>Therapiekonzepte Zyklusst\u00f6rungen &amp; Co..: Referentin Silke Uhlendahl<\/li>\n\n\n\n<li>Der weibliche Hormonhaushalt und das Testosteron: Referentin Christiane Pies<\/li>\n\n\n\n<li>Trauma und die Folgen im Hormonsystem: Referentin Stephanie Meurer<\/li>\n\n\n\n<li>Wenn das Myom dr\u00fcckt und die Wechseljahre n\u00e4her r\u00fccken: Referentin Monia Titel<\/li>\n<\/ul>\n<\/li>\n\n\n\n<li>Hormoneller Stress- Nebenniere Referentin HP Christine Baumann (Ceres)<\/li>\n\n\n\n<li>Naturheilkundliche Behandlung von Herz-Kreislauf-Erkrankungen: Referent Dr. Mathias Oldhaver (Ganzimmun Diagnostik)<\/li>\n\n\n\n<li>Alzheimer &amp; Demenz: Beginnt das Vergessen im Darm?: Referent HP Dirk-R\u00fcdiger Noschinski (Ganzimmun Diagnostik) <\/li>\n\n\n\n<li>Onlinetagung 2024 Frauenheilkunde Themenschwerpunkte\n<ul>\n<li>Kausalzusammenh\u00e4nge in den Wechseljahren: Referentin Silke Uhlendahl <\/li>\n\n\n\n<li>Hormonelle Dysbalancen in der Naturheilpraxis behandeln: Referentin Stefanie Meurer <\/li>\n\n\n\n<li>Das Estriol &#8211; ein Juwel der Weiblichkeit: Referentin Christiane Pies<\/li>\n\n\n\n<li>Postklimakterium \u2013 Naturheilkundliche Begleitung nach den Wechseljahren: Referentin Monika Titel<\/li>\n<\/ul>\n<\/li>\n<\/ul>\n\n\n\n<p><\/p>\n\n\n\n<p><\/p>\n\n\n\n<h2>Fachvortr\u00e4ge<\/h2>\n\n\n\n<div class=\"is-layout-flex wp-container-3 wp-block-columns\">\n<div class=\"is-layout-flow wp-block-column\" style=\"flex-basis:100%\">\n<p><strong>Weg mit der Scham-Die Menstruation als das Nat\u00fcrlichste der Welt<\/strong><\/p>\n\n\n\n<p><em>Teilnehmer-\/innen Zitat: &#8222;Durch den Vortrag habe ich einen gro\u00dfen \u00dcberblick zum Thema Menstruation bekommen. Das Wissen von Frau Habermann zur Thematik war sehr breit gef\u00e4chert und der Vortrag hat im Anschluss zu einer sehr anregenden Diskussion gef\u00fchrt!&#8220;<\/em><\/p>\n\n\n\n<p>Ein digitaler Vortrag im Rahmen der 31. Fuldaer Frauenwoche 2021, auf Einladung der &#8222;Feministischen Initiative Fulda&#8220; und dem &#8222;Nachhaltigkeitsteam Fulda&#8220;<\/p>\n<\/div>\n\n\n\n<div class=\"is-layout-flow wp-block-column\" style=\"flex-basis:33.33%\">\n<figure class=\"wp-block-image size-large is-resized\"><img decoding=\"async\" loading=\"lazy\" src=\"https:\/\/naturheilkunde-buende.de\/wp-content\/uploads\/2021\/03\/FIF_Logo_mit-Text.png\" alt=\"\" class=\"wp-image-1300\" width=\"159\" height=\"159\" srcset=\"https:\/\/naturheilkunde-buende.de\/wp-content\/uploads\/2021\/03\/FIF_Logo_mit-Text.png 708w, https:\/\/naturheilkunde-buende.de\/wp-content\/uploads\/2021\/03\/FIF_Logo_mit-Text-300x300.png 300w, https:\/\/naturheilkunde-buende.de\/wp-content\/uploads\/2021\/03\/FIF_Logo_mit-Text-150x150.png 150w, https:\/\/naturheilkunde-buende.de\/wp-content\/uploads\/2021\/03\/FIF_Logo_mit-Text-100x100.png 100w\" sizes=\"(max-width: 159px) 100vw, 159px\" \/><\/figure>\n\n\n\n<figure class=\"wp-block-image size-large\"><img decoding=\"async\" loading=\"lazy\" width=\"1024\" height=\"1024\" src=\"https:\/\/naturheilkunde-buende.de\/wp-content\/uploads\/2021\/03\/Logo-NHKT-1024x1024.png\" alt=\"\" class=\"wp-image-1306\" srcset=\"https:\/\/naturheilkunde-buende.de\/wp-content\/uploads\/2021\/03\/Logo-NHKT-1024x1024.png 1024w, https:\/\/naturheilkunde-buende.de\/wp-content\/uploads\/2021\/03\/Logo-NHKT-300x300.png 300w, https:\/\/naturheilkunde-buende.de\/wp-content\/uploads\/2021\/03\/Logo-NHKT-150x150.png 150w, https:\/\/naturheilkunde-buende.de\/wp-content\/uploads\/2021\/03\/Logo-NHKT-768x768.png 768w, https:\/\/naturheilkunde-buende.de\/wp-content\/uploads\/2021\/03\/Logo-NHKT-1536x1536.png 1536w, https:\/\/naturheilkunde-buende.de\/wp-content\/uploads\/2021\/03\/Logo-NHKT-100x100.png 100w, https:\/\/naturheilkunde-buende.de\/wp-content\/uploads\/2021\/03\/Logo-NHKT.png 1574w\" sizes=\"(max-width: 767px) 89vw, (max-width: 1000px) 54vw, (max-width: 1071px) 543px, 580px\" \/><\/figure>\n\n\n\n<p><\/p>\n<\/div>\n<\/div>\n\n\n\n<p><\/p>\n","protected":false},"excerpt":{"rendered":"<p>Vita Sch\u00f6n, dass Sie mehr \u00fcber mich erfahren m\u00f6chten. Mein Name ist Martina Habermann. 1965&nbsp; wurde ich im Ruhrgebiet geboren und habe dort meine Kindheit und Jugend verbracht. Ich bin verheiratet, Mutter von zwei S\u00f6hnen und wohne seit \u00fcber 20 Jahren in B\u00fcnde. Wie ich Heilpraktikerin wurde Schon in meiner Jugend habe ich mich f\u00fcr &hellip; <\/p>\n<p class=\"link-more\"><a href=\"https:\/\/naturheilkunde-buende.de\/index.php\/martina-habermann\/\" class=\"more-link\"><span class=\"screen-reader-text\">\u201eMartina Habermann\u201c<\/span> weiterlesen<\/a><\/p>\n","protected":false},"author":1,"featured_media":0,"parent":0,"menu_order":0,"comment_status":"closed","ping_status":"closed","template":"","meta":[],"_links":{"self":[{"href":"https:\/\/naturheilkunde-buende.de\/index.php\/wp-json\/wp\/v2\/pages\/568"}],"collection":[{"href":"https:\/\/naturheilkunde-buende.de\/index.php\/wp-json\/wp\/v2\/pages"}],"about":[{"href":"https:\/\/naturheilkunde-buende.de\/index.php\/wp-json\/wp\/v2\/types\/page"}],"author":[{"embeddable":true,"href":"https:\/\/naturheilkunde-buende.de\/index.php\/wp-json\/wp\/v2\/users\/1"}],"replies":[{"embeddable":true,"href":"https:\/\/naturheilkunde-buende.de\/index.php\/wp-json\/wp\/v2\/comments?post=568"}],"version-history":[{"count":77,"href":"https:\/\/naturheilkunde-buende.de\/index.php\/wp-json\/wp\/v2\/pages\/568\/revisions"}],"predecessor-version":[{"id":1523,"href":"https:\/\/naturheilkunde-buende.de\/index.php\/wp-json\/wp\/v2\/pages\/568\/revisions\/1523"}],"wp:attachment":[{"href":"https:\/\/naturheilkunde-buende.de\/index.php\/wp-json\/wp\/v2\/media?parent=568"}],"curies":[{"name":"wp","href":"https:\/\/api.w.org\/{rel}","templated":true}]}}