{"id":263,"date":"2020-09-07T21:34:39","date_gmt":"2020-09-07T19:34:39","guid":{"rendered":"https:\/\/xn--naturheilkunde-bnde-lbc.de\/?page_id=263"},"modified":"2020-11-17T12:51:40","modified_gmt":"2020-11-17T11:51:40","slug":"impressum","status":"publish","type":"page","link":"https:\/\/naturheilkunde-buende.de\/index.php\/impressum\/","title":{"rendered":"Impressum"},"content":{"rendered":"\n<h2>Impressum<\/h2>\n\n\n\n<p class=\"has-text-align-left\">                 <strong>Name der Praxis:<\/strong> Praxis f\u00fcr Naturheilkunde Martina Habermann<br>                 <strong>Stra\u00dfe:<\/strong> Molkenkeller 10<br>                 <strong>PLZ \/ Ort:<\/strong> 32257 B\u00fcnde<br>                 <strong>Telefon:<\/strong> 05223-7893001<br>                 <strong>Telefax:<\/strong> <br>                 <strong>E-Mail:<\/strong> mhabermann@naturheilkunde-buende.de<br><br>                 <strong>Verantwortlich f\u00fcr die Website:<\/strong> Martina Habermann<br><br>                 <strong>Gesetzliche Berufsbezeichnung:<\/strong> Heilpraktiker (verliehen in der   Bundesrepublik Deutschland)<br><br>                 <strong>Zust\u00e4ndige Aufsichtsbeh\u00f6rde:<\/strong> Gesundheitsamt Herford<br><br>                 <strong>Tag der amts\u00e4rztlichen \u00dcberpr\u00fcfung:<\/strong> 31.10.2019<br>                 <strong>Beh\u00f6rdliche Erlaubnis durch Gesundheitsamt in:<\/strong> Fulda<br> <strong>Akademischer Grad:<\/strong> Heilpraktikerin<br><strong>Beh\u00f6rde, die den akademischen Grad erteilt hat:<\/strong> Landkreis Fulda<br><br><\/p>\n\n\n\n<h3>Erg\u00e4nzende Angaben<\/h3>\n\n\n\n<p><strong>Berufsverbandsmitgliedschaft in:<\/strong> Bund Deutscher Heilpraktiker BDH e.V.<br><strong>Mitgliedsnummer Berufsverband:<\/strong> 109753<\/p>\n\n\n\n<p><strong>Berufsordnung:<\/strong> Nachzulesen im Internet unter  <a href=\"https:\/\/www.bdh-online.de\/wp-content\/uploads\/2015\/08\/Berufsordnung-Heilpraktiker_2015_210x297_20150814.pdf\">https:\/\/www.bdh-online.de\/wp-content\/uploads\/2015\/08\/Berufsordnung-Heilpraktiker_2015_210x297_20150814.pdf<\/a><\/p>\n\n\n\n<p><strong>Rechtsgrundlage der Heilpraktikert\u00e4tigkeit, Heilpraktikergesetz und Durchf\u00fchrungsverordnung:<\/strong> Nachzulesen im Internet unter <a href=\"http:\/\/www.gesetze-im-internet.de\/heilprg\/index.html\">http:\/\/www.gesetze-im-internet.de\/heilprg\/index.html<\/a> und <a href=\"http:\/\/www.gesetze-im-internet.de\/heilprgdv_1\/index.html\">http:\/\/www.gesetze-im-internet.de\/heilprgdv_1\/index.html<\/a><\/p>\n\n\n\n<p><\/p>\n\n\n\n<h3>Internet Disclaimer \/ Haftungsausschluss<\/h3>\n\n\n\n<p>Wir begr\u00fc\u00dfen jeden Interessierten auf unserer Website.<\/p>\n\n\n\n<p>Wir weisen darauf hin, dass sich diese Website und \ns\u00e4mtliche Informationen auf der Website nach deutschem Recht richten. \nJeder Benutzer, welcher \u00fcber diesen Disclaimer hinweggeht, um auf \nunseren einzelnen Seiten Zugriff zu nehmen, erkennt mit dem \nWeiterbl\u00e4ttern der Seite an, dass sich die Beziehung zwischen ihm und \nuns ausschlie\u00dflich nach deutschem Recht richtet.<\/p>\n\n\n\n<p>Vorsorglich weisen wir darauf hin, dass die von uns \nabgegebenen Informationen auf der Website nicht genutzt werden k\u00f6nnen, \num Krankheiten oder Leiden selbst zu erkennen und therapieren.<\/p>\n\n\n\n<p>F\u00fcr die Vollst\u00e4ndigkeit oder Richtigkeit der Informationen auf dieser Website k\u00f6nnen wir keine Garantie \u00fcbernehmen.<\/p>\n\n\n\n<p>Wir k\u00f6nnen nicht ausschlie\u00dfen, dass unsere Internetseiten\n auch Informationen durch Dritte aufweisen. F\u00fcr diese Informationen \nk\u00f6nnen wir keine Haftung \u00fcbernehmen. Dies gilt vor allem auch f\u00fcr Links \nzu anderen Websites, die wir zwar immer wieder daraufhin \u00fcberpr\u00fcfen, ob \nsie rechtswidrige Inhalte enthalten, aber keine Gew\u00e4hr daf\u00fcr leisten \nk\u00f6nnen. Die Inhalte dieser Seiten stellen nicht unsere Meinung dar, die \nLinks werden nur zur Verbesserung der Informationsvielfalt \nver\u00f6ffentlicht.<\/p>\n\n\n\n<p>S\u00e4mtliche Texte und Grafiken auf unseren Webseiten sind \nurheberrechtlich oder durch sonstige Schutzrechte gesch\u00fctzt. Der \nGebrauch oder die Vervielf\u00e4ltigung dieser Grafiken und Texte ist ohne \ndie vorherige schriftliche Genehmigung durch uns nicht gestattet. \nInsbesondere werden wir es nicht gestatten, dass Produktbezeichnungen, \nwelche grunds\u00e4tzlich Markenschutz genie\u00dfen, von Dritten gebraucht \nwerden.<\/p>\n\n\n\n<p>Um die Internetseite aktuell halten zu k\u00f6nnen, werden wir\n selbstverst\u00e4ndlich die Texte gegebenenfalls \u00e4ndern und \/ oder erg\u00e4nzen.\n Eine Haftung aus dem Inhalt der Internetseiten ergibt sich nicht.<\/p>\n\n\n\n<figure class=\"wp-block-embed\"><div class=\"wp-block-embed__wrapper\">\nhttps:\/\/www.bdh-online.de\/wp-content\/uploads\/2015\/08\/Berufsordnung-Heilpraktiker_2015_210x297_20150814.pdf\n<\/div><\/figure>\n\n\n\n<p>Durchf\u00fchrungsverordnung zum Gesetz \u00fcber die berufsm\u00e4\u00dfige Aus\u00fcbung\nder Heilkunde ohne Bestallung &nbsp;(Heilpraktikergesetz)<\/p>\n\n\n\n<figure class=\"wp-block-embed\"><div class=\"wp-block-embed__wrapper\">\nhttps:\/\/www.gesetze-im-internet.de\/heilprgdv_1\/index.html\n<\/div><\/figure>\n\n\n<p><!--EndFragment--><\/p>\n\n\n<p>Die Quelle f\u00fcr das verwendete Bildmaterial: <\/p>\n\n\n\n<p><a href=\"https:\/\/pixabay.com\/de\/service\/license\/\">Pixabay License<\/a>\n\nFreie kommerzielle Nutzung\n<br>Kein Bildnachweis n\u00f6tig\n\n<\/p>\n\n\n\n<p><\/p>\n","protected":false},"excerpt":{"rendered":"<p>Impressum Name der Praxis: Praxis f\u00fcr Naturheilkunde Martina Habermann Stra\u00dfe: Molkenkeller 10 PLZ \/ Ort: 32257 B\u00fcnde Telefon: 05223-7893001 Telefax: E-Mail: mhabermann@naturheilkunde-buende.de Verantwortlich f\u00fcr die Website: Martina Habermann Gesetzliche Berufsbezeichnung: Heilpraktiker (verliehen in der Bundesrepublik Deutschland) Zust\u00e4ndige Aufsichtsbeh\u00f6rde: Gesundheitsamt Herford Tag der amts\u00e4rztlichen \u00dcberpr\u00fcfung: 31.10.2019 Beh\u00f6rdliche Erlaubnis durch Gesundheitsamt in: Fulda Akademischer Grad: HeilpraktikerinBeh\u00f6rde, die &hellip; <\/p>\n<p class=\"link-more\"><a href=\"https:\/\/naturheilkunde-buende.de\/index.php\/impressum\/\" class=\"more-link\"><span class=\"screen-reader-text\">\u201eImpressum\u201c<\/span> weiterlesen<\/a><\/p>\n","protected":false},"author":1,"featured_media":0,"parent":0,"menu_order":0,"comment_status":"closed","ping_status":"closed","template":"","meta":[],"_links":{"self":[{"href":"https:\/\/naturheilkunde-buende.de\/index.php\/wp-json\/wp\/v2\/pages\/263"}],"collection":[{"href":"https:\/\/naturheilkunde-buende.de\/index.php\/wp-json\/wp\/v2\/pages"}],"about":[{"href":"https:\/\/naturheilkunde-buende.de\/index.php\/wp-json\/wp\/v2\/types\/page"}],"author":[{"embeddable":true,"href":"https:\/\/naturheilkunde-buende.de\/index.php\/wp-json\/wp\/v2\/users\/1"}],"replies":[{"embeddable":true,"href":"https:\/\/naturheilkunde-buende.de\/index.php\/wp-json\/wp\/v2\/comments?post=263"}],"version-history":[{"count":3,"href":"https:\/\/naturheilkunde-buende.de\/index.php\/wp-json\/wp\/v2\/pages\/263\/revisions"}],"predecessor-version":[{"id":948,"href":"https:\/\/naturheilkunde-buende.de\/index.php\/wp-json\/wp\/v2\/pages\/263\/revisions\/948"}],"wp:attachment":[{"href":"https:\/\/naturheilkunde-buende.de\/index.php\/wp-json\/wp\/v2\/media?parent=263"}],"curies":[{"name":"wp","href":"https:\/\/api.w.org\/{rel}","templated":true}]}}