{"id":255,"date":"2020-09-07T21:34:40","date_gmt":"2020-09-07T19:34:40","guid":{"rendered":"https:\/\/xn--naturheilkunde-bnde-lbc.de\/?page_id=255"},"modified":"2023-06-08T12:44:44","modified_gmt":"2023-06-08T10:44:44","slug":"therapien","status":"publish","type":"page","link":"https:\/\/naturheilkunde-buende.de\/index.php\/therapien\/","title":{"rendered":"Therapien"},"content":{"rendered":"\n<div class=\"is-layout-flex wp-container-3 wp-block-columns\">\n<div class=\"is-layout-flow wp-block-column\" style=\"flex-basis:66.66%\">\n<p>In der ganzheitlichen Therapie geht es&nbsp; sich nicht vornehmlich darum ein Symptom zu behandeln, sondern eine Kausaltherapie auf allen Ebenen des K\u00f6rpers zu erstellen, die sich auf mehreren Pfeilern st\u00fctzt. <\/p>\n\n\n\n<p>In der Basis-Therapie wird mittels geeigneter Pr\u00e4parte und Anwendungen der K\u00f6per unterst\u00fctzt, seine Selbstheilungskr\u00e4fte zu aktivieren. Um dies zu erreichen ist eine  Basis-Therapie bzw. eine Grundregulation wichtig. <\/p>\n\n\n\n<p>Die <strong>Basis-Therapie<\/strong> bzw. die <strong>Grundregulation<\/strong> bezieht Bindegewebe, Darm, Leber, Ern\u00e4hrung, Mikron\u00e4hrstoffe und die seelisch-psychische Verfassung in Diagnostik und Therapie mit ein. Eine gelungene Basis-Therapie legt somit den Grundstein f\u00fcr erfolgreiche Folgetherapien.<\/p>\n\n\n\n<p>Ein <strong>individuelles Therapiekonzept<\/strong> basiert auf den Ergebnissen der Anamnese, des Beschwerdebildes, der Untersuchungs-bzw. Laborergebnissen und beinhaltet verschiedenen Behandlungsebenen, die in Abh\u00e4ngigkeit mit einander stehen.<\/p>\n\n\n\n<p>Eine <strong>ganzheitliche<\/strong> Therapie sollte daher immer <strong>alle Achsen<\/strong> ber\u00fccksichtigen:<\/p>\n\n\n\n<p>Die traditionell bew\u00e4hrten Ab-und Ausleitverfahren dienen der <strong>Entgiftung<\/strong><em><strong> <\/strong><\/em>des K\u00f6rpers, seiner Reinigung von Stoffwechselendprodukten oder Giftstoffen. Um die <strong>Ausleitung und Entgiftung<\/strong> anzuregen kommen pflanzliche Therapeutika oder hom\u00f6opathische Komplexmittel sowie die traditionelle Schr\u00f6pftherapie an indizierten Hautarealen (siehe Ausleitverfahren) zum Einsatz.<\/p>\n<\/div>\n\n\n\n<div class=\"is-layout-flow wp-block-column\" style=\"flex-basis:33.33%\"><div class=\"wp-block-image\">\n<figure class=\"aligncenter size-large\"><img decoding=\"async\" loading=\"lazy\" width=\"976\" height=\"1024\" src=\"https:\/\/naturheilkunde-buende.de\/wp-content\/uploads\/2020\/11\/gLAS-1-976x1024.png\" alt=\"\" class=\"wp-image-867\" srcset=\"https:\/\/naturheilkunde-buende.de\/wp-content\/uploads\/2020\/11\/gLAS-1-976x1024.png 976w, https:\/\/naturheilkunde-buende.de\/wp-content\/uploads\/2020\/11\/gLAS-1-286x300.png 286w, https:\/\/naturheilkunde-buende.de\/wp-content\/uploads\/2020\/11\/gLAS-1-768x806.png 768w, https:\/\/naturheilkunde-buende.de\/wp-content\/uploads\/2020\/11\/gLAS-1.png 1001w\" sizes=\"(max-width: 767px) 89vw, (max-width: 1000px) 54vw, (max-width: 1071px) 543px, 580px\" \/><\/figure><\/div>\n\n\n<p><\/p>\n<\/div>\n<\/div>\n\n\n\n<p>Der K\u00f6rper verf\u00fcgt \u00fcber Puffersysteme, durch die \u00fcbersch\u00fcssige S\u00e4uren abgepuffert werden. Bikarbonat z.B. wird im Blut mit dem Harnstoff \u00fcber die Niere ausgeschieden und Kohlendioxid \u00fcber die Lunge abgeatmet.Bei einem zu gro\u00dfen <strong>\u00dcberhang an S\u00e4uren <\/strong>ist die Blut-Pufferkapazit\u00e4t \u00fcberfordert und schiebt den Gro\u00dfteil der S\u00e4uren aus der Nahrung in das angrenzende Gewebe. <\/p>\n\n\n\n<p>Eine latente Azidose kann Einfluss auf die Funktionsf\u00e4higkeit des Knorpelgewebes nehmen (z.B. Osteoporose oder rheumatische Erkrnakungen) und steht in enger Verbindung mit chronischen Stoffwechselst\u00f6rungen.  Ein gest\u00f6rtes <strong>S\u00e4ure-Basen-Gleichgewicht <\/strong>kann sich in diffusen Beschwerden wie Spannungskopfschmerz, M\u00fcdigkeit, rheumatischen Erkrankungen, Herzrhythmusst\u00f6rungen, Akne, Allergien, erh\u00f6hte Infektanf\u00e4lligkeit, Gicht, Muskelverh\u00e4rtungen, br\u00fcchige Haare und N\u00e4gel, Schlafst\u00f6rungen usw. \u00e4u\u00dfern.<\/p>\n\n\n\n<p>Wenn ein gest\u00f6rter <strong>S\u00e4ure-Basen-Haushalt<\/strong> festgestellt wird, ist die Anwendung von Basenpr\u00e4parate, B\u00e4dern sowie eine angepasste Ern\u00e4hrung anzuraten.<\/p>\n\n\n\n<p><\/p>\n\n\n\n<p>Ein weiterer Meilenstein ist ein <strong>gesunder Darm<\/strong>! Basislager der Gesundheit ! (siehe Darmgesundheit)<\/p>\n\n\n\n<p><strong>Leber<\/strong> und Darm haben eine enge Partnerschaft. Alle direkt im Darm aufgenommenen N\u00e4hrstoffe werden \u00fcber die Pfortader zur Verstoffwechselung und zum Abbau von Giftstoffen zuerst der Leber zugef\u00fchrt, bevor sie in den eigentlichen Blutkreislauf aufgenommen werden. Die Leberepithelzellen sind multifunktionale Spezialisten, die als Stoffwechselmanager, Verdauungsmotor und Speicherorgan agieren sowie den Fettstoffwechsel regulieren, das Immunsystem unterst\u00fctzen, Schadstoffe abbauen, Gerinnungsfaktoren, Gallens\u00e4uren und Hormone bilden. Als zentrales Entgiftungsorgan ist die Leber durch die zunehmenden Umweltbelastungen stark gefordert. Hier muss neben der St\u00e4rkung der Leberzellen auch die Durchblutung der Leber verbessert werden, die bereits durch Stress massiv gest\u00f6rt sein kann. Nur eine gut durchblutete Leber kann auch entgiften und ihren vielf\u00e4ltigen Funktionen nachkommen. Bitterstoffe und weitere Pr\u00e4parate aus der Pflanzenheilkunde k\u00f6nnen hier unterst\u00fctzend eingesetzt werden.<\/p>\n\n\n\n<p>Die <strong>Ern\u00e4hrung<\/strong> wird auf den Pr\u00fcfstand gestellt. Sie erhalten Ratschl\u00e4ge, welche Lebensmittel sie in Bezug auf Ihre Beschwerden bevorzugt zu sich nehmen sollten und welche sie eher meiden sollten. <\/p>\n\n\n\n<p>Nicht zuletzt geh\u00f6rt zu einer Basis-Therapie auch, die<strong> seelische-psychische Verfassung<\/strong> zu beleuchten und Wege aufzuzeigen, wie Verbesserungen erzielt werden k\u00f6nnen.<\/p>\n\n\n\n<div class=\"anchorTop\" id=\"Phytotherapie\"><\/div>\n\n\n\n<h2><strong>Phytotherapie<\/strong><\/h2>\n\n\n\n<p>Pflanzen waren jahrhundertelang die einzigen Heilmittel, die zur Verf\u00fcgung standen, und bilden auch heute noch die Grundlage vieler Arzneien. Zu den Pr\u00e4paraten der Phytotherapie k\u00f6nnen Heilpflanzentees geh\u00f6ren, aber auch B\u00e4der, Umschl\u00e4ge, Inhalationen und Wickel sowie Kapseln, Tabletten, Tropfen und Z\u00e4pfchen aus Pflanzenextrakten.<\/p>\n\n\n\n<div class=\"anchorTop\" id=\"Gemmotherapie\"><\/div>\n\n\n\n<h2><strong>Gemmotherapie<\/strong> <\/h2>\n\n\n\n<p><strong>Gemmotherapie<\/strong> ist eine andere Art der Pflanzenheilkunde, bei der die Pflanzenknospen Verwendung finden. In den Knospen sind Wachstumsfaktoren, \u00e4therische \u00d6le, Abwehrstoffe und Aminos\u00e4uren enthalten, die sich als Heilmittel bereits in Frankreich und in der Schweiz etabliert haben und auch in Deutschland immer gr\u00f6\u00dferen Zuspruch finden. Den Gemmotherapeutika wird gem\u00e4\u00df ihrer Begr\u00fcnder eine reinigende, ausleitende und regulierende Wirkung zugeschrieben. Das Einsatzgebiet von Gemmotherapeutika ist vielseitig und bietet sich nach Antibiotikagaben als reinigendes Pr\u00e4parat an und wirkt bei vielen Funktionsst\u00f6rungen harmonisierend auf den K\u00f6rper, wie z. B. bei Schlafst\u00f6rungen, Menstruations- und Wechseljahrsbeschwerden, Allergien. Auf Grund des s\u00fc\u00dfen Geschmacks finden Gemmopr\u00e4parate gerade bei Kindern oftmals eine gute Akzeptanz.<\/p>\n\n\n\n<div class=\"anchorTop\" id=\"Ausleitverfahren\"><\/div>\n\n\n\n<h2><strong>Darmgesundheit<\/strong><\/h2>\n\n\n\n<p>Bereits im Altertum war bekannt, dass Erkrankungen im Magen-Darm-Bereich eine wesentliche Ursache f\u00fcr eine Vielzahl von Allgemeinerkrankungen sind. Paracelsus erkl\u00e4rte im 16. Jahrhundert: \u201eDer Tod sitzt im Darm\u201c*.<\/p>\n\n\n\n<p>Eine gesunde Darmflora (Darmmikrobiom) bildet die Grundlage f\u00fcr k\u00f6rperliche und psychische Gesundheit.<\/p>\n\n\n\n<p>Der Darm darf nicht auf die Funktion eines \u201eVerdauungsrohrs\u201c reduziert werden, und ein regelm\u00e4\u00dfiger Stuhlgang l\u00e4sst noch nicht auf einen gesunden Darm schlie\u00dfen.<\/p>\n\n\n\n<p>Ein gro\u00dfer Teil der immunologischen Vorg\u00e4nge findet im Darm statt. Darmbakterien beeinflussen neben der Verdauung die Hormon- und Enzymproduktion. <\/p>\n\n\n\n<p>Was kann das Darmmikrobiom st\u00f6ren? Antibiosen, chronischer Stress, eine falsche Ern\u00e4hrung durch zu viel Zucker, Fett oder Eiwei\u00df, unausgewogene Di\u00e4ten, zu viele leicht verdauliche Kohlenhydrate, Abf\u00fchrmittel, Magen-Darm-Infektionen, Nikotin, Alkohol \u2026<\/p>\n\n\n\n<p>Der <strong>Darm <\/strong>spielt auch f\u00fcr die hormonelle Gesundheit eine wichtige Rolle. <\/p>\n\n\n\n<p>Wenn der Darm nicht richtig funktioniert, steigen bestimmt Enzyme an (Aromatase), die zu einer \u00d6strogendominanz f\u00fchren k\u00f6nnen. Eine hohe \u00d6strogenbelastung, gepaart mit einem dysfunktionablen Darm (z.B. Leaky-gut), sorgt daf\u00fcr, dass Hormonmetaboliten ein Reentry in den K\u00f6rperkreislauf haben und wieder in der Leber neu entgiftet werden m\u00fcssen. Das belastet die Leber vermehrt, der Hormonabbau wird gest\u00f6rt und f\u00fchrt auf k\u00f6rperlicher Ebene zu Stress. Dadurch werden immunologisch bestimmte Stoffe freigesetzt, die sogenannten proinflammatorischen Zytokine, die chronische Entz\u00fcndungen entstehen lassen.<\/p>\n\n\n\n<p>Erkrankungen wie Migr\u00e4ne, Hauterkrankungen, Allergien, Autoimmunprozesse, Nahrungsmittelunvertr\u00e4glichkeiten, psychische Symptome, Infektanf\u00e4lligkeit sowie ein Vitamin- und N\u00e4hrstoffmangel k\u00f6nnen in einem gest\u00f6rten Darmmikrobiom begr\u00fcndet sein.<\/p>\n\n\n\n<p>Eine Analyse des Darmmikrobioms gibt Aufschluss und ist Basis f\u00fcr eine Therapie. Wie die Untersuchung abl\u00e4uft, lesen Sie bitte unter dem Punkt Diagnose. Nach ca. einer Woche liegt in der Regel ein Laborergebnis vor. Daraus wird ersichtlich, wie es um die sch\u00fctzenden Bakterien bestellt ist (Bifidobakterien, Lactobacillen) sowie um die immunmodulierenden Bakterienverh\u00e4ltnisse (Eschericha coli, Enterococcus) , ob eventuell eine Pilzbelastung vorliegt , die Anzahl protolytischer Keime (\u00dcberhang st\u00f6rt Verdauung und belastet die Leber) im Darm wird ausgewiesen und wie hoch der pH-Wert im Stuhl ist. <\/p>\n\n\n\n<p>Auf Grundlage der Laboranalyse wird ein Missverh\u00e4ltnis mit entsprechenden Therapeutika wie z. B. Probiotika (n\u00fctzlichen Bakterien f\u00fcr den Darm), sowie Pr\u00e4biotika (Ballaststoffe \u201eFutter\u201c f\u00fcr den Darm) ausgeglichen und mit erg\u00e4nzender Pflanzenheilkunde therapiert. Ein wahlloses Substituieren ohne vorherige Analyse bringt in der Regel nicht den gew\u00fcnschten Erfolg und kann kontraproduktiv sein.<\/p>\n\n\n\n<h2><strong>Ab-und Ausleitverfahren<\/strong><\/h2>\n\n\n\n<p>Die schon seit dem Mittelalter bew\u00e4hrten Ab-und Ausleitverfahren dienen der Entgiftung und Entschlackung des K\u00f6rpers, seiner Reinigung von Stoffwechselendprodukten oder Giftstoffen. Krankheiten, die nicht richtig auskuriert oder unbiologisch therapiert wurden, k\u00f6nnen durch Ablagerungen von Stoffwechselresten und Toxinen im weichen Bindegewebe zu chronisch entz\u00fcndlichen Ver\u00e4nderungen f\u00fchren. Besonders bei chronischen Erkrankungen sollten das Bindegewebe mithilfe einer Entgiftungstherapie mobilisiert und der S\u00e4ure-Basen-Haushalt reguliert werden. Ableitende Verfahren dienen dazu, falsch verteilte oder gestaute \u201eK\u00f6rpers\u00e4fte\u201c umzuverteilen und wieder zum Flie\u00dfen zu bringen. Die Ausleitung erfolgt vermehrt \u00fcber verschiedene Ausleitungsorgane wie Lymphe, Leber, Darm, Nieren, Haut, Schleimhaut. Unterst\u00fctzend wirken naturheilkundliche Medikamente, Wickel und Auflagen sowie eine Ausleitung \u00fcber die Haut wie z.B. eine trockene Schr\u00f6pfkopfmassage. Hierbei wird an Hautzonen (Head`schen Zonen), die bestimmten Organen zugeordnet sind, durch Unterdruck ein Hautreiz erzeugt. Das Schr\u00f6pfverfahren wirkt unterst\u00fctzend bei Beschwerden der inneren Organe, Kreuz- und Muskelschmerzen sowie bei Beschwerden aufgrund von Durchblutungsst\u00f6rungen im Kopfbereich (z.B. Schwindel, Ohrensausen)<\/p>\n\n\n\n<div class=\"anchorTop\" id=\"Bioidentische-Hormontherapie\"><\/div>\n\n\n\n<h2><strong>Bioidentische Hormontherapie<\/strong><\/h2>\n\n\n\n<p>Hormone sind die Antreiber im K\u00f6rper mit vielf\u00e4ltigen Aufgaben wie z.B. Sexualit\u00e4t, Wachstum, Stoffwechsel, oder Stressregulation. Bioidentische Hormone weisen identische molekulare Strukturen auf wie die Hormone, die unser K\u00f6rper selber produziert. Sie werden auf dieselbe Weise verstoffwechselt wie k\u00f6pereigene Hormone. Die Quellen der gebr\u00e4uchlichen bioidentischen Hormone sind pflanzlichen Ursprungs. Die mexikanische Yamswurzel (Dioscorea composita) oder Soja dienen als Grundlage f\u00fcr die im Labor hergestellten bioidentischen (k\u00f6rperidentischen\/naturidentischen) Hormone.<\/p>\n\n\n\n<p>Achtung: Die Yamswurzel als Lebensmittel zu verzehren oder sich sojareich zu ern\u00e4hren, kann keinesfalls gleichgesetzt werden mit einer bioidentischen Hormontherapie.<\/p>\n\n\n\n<p>Eine individuelle Therapie mit bioidentische Hormonen auf Grundlage einer Labordiagnostik ist nicht zu vergleichen mit der konventionellen HET (Hormon-Ersatz-Therapie), bei der die gesundheitlichen Risiken und Nebenwirkungen weitaus h\u00f6her liegen als die gesundheitlichen Vorteile, allen voran das erh\u00f6hte Risiko einer Krebserkrankung. Liegt eine Dysbalance im Hormonhaushalt vor, kann dies z.B. zu Abgeschlagenheit, Depressionen, Schlafst\u00f6rungen, Gelenkschmerzen, Haarausfall, Sexualst\u00f6rungen, Unfruchtbarkeit, Demenz, \u00dcbergewicht, Herz-Kreislauferkrankungen, Schilddr\u00fcsenerkrankungen sowie den typischen Wechseljahrsbeschwerden f\u00fchren. Da die bioidentischen Hormone sich nicht von den k\u00f6rpereigenen Hormonen unterscheiden \u2013 im Gegensatz zu den konventionellen Hormonpr\u00e4parten der HET \u2013 bietet die bioidentische Hormontherapie (BHT) eine nat\u00fcrliche Option, um eine nachhaltige Verbesserung der Beschwerden und des Wohlbefindens zu erreichen. Auch in der bioidentischen Hormontherapie darf nicht wahllos substituiert werden. Die BHT bedarf einer fachgerechten Laboranalyse und Therapie.<\/p>\n\n\n\n<div class=\"anchorTop\" id=\"Mikron\u00e4hrstoffe\"><\/div>\n\n\n\n<h2><strong>Mikron\u00e4hrstoffe<\/strong><\/h2>\n\n\n\n<p>Die Nahrungsmittel von heute sind nicht mehr die Nahrungsmittel von vor 50 Jahren, da durch sauren Regen, \u00dcberd\u00fcngung, Lagerung und lange Transportwege sowie technische Verarbeitung der Lebensmittel der N\u00e4hrstoffgehalt unser Nahrungsmittel oftmals nicht ausreichend ist, um notwendige Tagesbedarfe zu decken. Ob eine ausgewogene Ern\u00e4hrung den t\u00e4glichen Mikron\u00e4hrstoffbedarf decken kann, h\u00e4ngt neben der Qualit\u00e4t der Nahrungsmittel auch vom Alter des Patienten, dem Gesundheitszustand, der Einnahme von Medikamenten und von Situationen ab, die einen vermehrten Bedarf mit sich bringen, wie z.B. eine Schwangerschaft. Nicht alle Vitamine lassen sich durch Ern\u00e4hrung zuf\u00fchren, so <strong>z.B. Vitamin D<\/strong>, das nur in geringen Mengen \u00fcber die Nahrung aufgenommen werden kann:<\/p>\n\n\n\n<p>Nach den Daten des Robert-Koch-Institutes sind 90% der Bundesb\u00fcrger nicht ausreichend mit Vitamin D versorgt. Vitamin D \u2013 das Sonnenvitamin \u2013 wird \u00fcber die Haut aufgenommen. In Deutschland sind wir nicht so von der Sonne verw\u00f6hnt wie s\u00fcdlichere L\u00e4nder, und wir halten uns immer weniger im Freien auf. Die Verwendung von Sonnenschutzmitteln blockiert nach Studien von Prof.Dr<strong>. <\/strong>Michael F. Holickbereits ab einen LSF von &gt;30 die k\u00f6rpereigenen Vitamin-D-Synthese um bis zu 99,5%. Vitamin D ist im eigentlichen Sinne ein Steroid-Hormon. Aus Cholesterin wird \u00fcber die UV-B-Strahlen das Pr\u00e4vitamin D gebildet, die Leber wandelt es in 25 (OH)D =Calcidiol um. Das 25 (OH)D wird vom K\u00f6rper in der Leber und im Blut gespeichert.  In seiner Speicherform ist es nur 2 \u2013 3 Wochen speicherf\u00e4hig. In den Nieren erfolgt die Aktivierung in das stoffwechselaktive Vitamin-D-Hormon 1,25 (OH)2D=Calcitriol.  Daher sollte eine Vitamin D Blut-Analyse -25 (OH)D- durchgef\u00fchrt werden, ein eventueller Mangel ausgeglichen und in den \u201eR\u201c Monaten entsprechend der Labordiagnostik Vitamin D substituiert werden, soweit keine Kontraindikationen vorliegen. Vitamin D weist viele positiven Effekte auf, so sch\u00fctzt es vor Infekten und Entz\u00fcndungen, verringert das Krebsrisiko, st\u00e4rkt die Knochen, wirkt sich positiv auf Gef\u00e4\u00dferkrankungen sowie die Psyche aus und noch vieles mehr.<\/p>\n\n\n\n<p><\/p>\n\n\n\n<p>&nbsp;&nbsp;&nbsp;&nbsp;&nbsp;&nbsp;&nbsp;&nbsp;&nbsp;&nbsp;&nbsp;&nbsp;&nbsp;&nbsp;&nbsp;&nbsp;&nbsp;&nbsp;&nbsp;&nbsp;&nbsp;&nbsp;&nbsp;&nbsp;&nbsp;&nbsp;&nbsp;&nbsp;&nbsp;&nbsp;&nbsp;&nbsp;&nbsp;&nbsp;&nbsp;&nbsp;&nbsp;&nbsp;&nbsp;&nbsp;&nbsp;&nbsp;&nbsp;&nbsp;&nbsp;&nbsp;&nbsp;&nbsp;&nbsp;&nbsp;&nbsp;&nbsp;&nbsp;&nbsp;&nbsp;&nbsp;&nbsp;&nbsp;&nbsp;&nbsp;&nbsp;&nbsp;&nbsp;&nbsp;&nbsp;&nbsp;&nbsp;&nbsp;&nbsp;&nbsp;&nbsp;&nbsp;&nbsp;&nbsp;&nbsp;&nbsp;&nbsp;&nbsp;&nbsp;&nbsp;&nbsp;&nbsp;&nbsp;&nbsp;&nbsp;&nbsp;&nbsp;&nbsp;&nbsp;&nbsp;&nbsp;&nbsp;&nbsp;&nbsp;&nbsp;&nbsp;&nbsp;&nbsp;&nbsp;&nbsp;&nbsp;&nbsp; &nbsp;<\/p>\n\n\n\n<p>&nbsp;&nbsp;&nbsp; <\/p>\n","protected":false},"excerpt":{"rendered":"<p>In der ganzheitlichen Therapie geht es&nbsp; sich nicht vornehmlich darum ein Symptom zu behandeln, sondern eine Kausaltherapie auf allen Ebenen des K\u00f6rpers zu erstellen, die sich auf mehreren Pfeilern st\u00fctzt. In der Basis-Therapie wird mittels geeigneter Pr\u00e4parte und Anwendungen der K\u00f6per unterst\u00fctzt, seine Selbstheilungskr\u00e4fte zu aktivieren. Um dies zu erreichen ist eine Basis-Therapie bzw. eine &hellip; <\/p>\n<p class=\"link-more\"><a href=\"https:\/\/naturheilkunde-buende.de\/index.php\/therapien\/\" class=\"more-link\"><span class=\"screen-reader-text\">\u201eTherapien\u201c<\/span> weiterlesen<\/a><\/p>\n","protected":false},"author":1,"featured_media":0,"parent":0,"menu_order":0,"comment_status":"closed","ping_status":"closed","template":"","meta":[],"_links":{"self":[{"href":"https:\/\/naturheilkunde-buende.de\/index.php\/wp-json\/wp\/v2\/pages\/255"}],"collection":[{"href":"https:\/\/naturheilkunde-buende.de\/index.php\/wp-json\/wp\/v2\/pages"}],"about":[{"href":"https:\/\/naturheilkunde-buende.de\/index.php\/wp-json\/wp\/v2\/types\/page"}],"author":[{"embeddable":true,"href":"https:\/\/naturheilkunde-buende.de\/index.php\/wp-json\/wp\/v2\/users\/1"}],"replies":[{"embeddable":true,"href":"https:\/\/naturheilkunde-buende.de\/index.php\/wp-json\/wp\/v2\/comments?post=255"}],"version-history":[{"count":71,"href":"https:\/\/naturheilkunde-buende.de\/index.php\/wp-json\/wp\/v2\/pages\/255\/revisions"}],"predecessor-version":[{"id":1497,"href":"https:\/\/naturheilkunde-buende.de\/index.php\/wp-json\/wp\/v2\/pages\/255\/revisions\/1497"}],"wp:attachment":[{"href":"https:\/\/naturheilkunde-buende.de\/index.php\/wp-json\/wp\/v2\/media?parent=255"}],"curies":[{"name":"wp","href":"https:\/\/api.w.org\/{rel}","templated":true}]}}